{"id":4523,"date":"2023-01-18T09:08:55","date_gmt":"2023-01-18T08:08:55","guid":{"rendered":"https:\/\/visufoc.com\/els-nostres-serveis\/"},"modified":"2023-02-03T12:06:53","modified_gmt":"2023-02-03T11:06:53","slug":"els-nostres-serveis","status":"publish","type":"page","link":"https:\/\/visufoc.com\/ca\/els-nostres-serveis\/","title":{"rendered":"Els nostres serveis"},"content":{"rendered":"<p><div class=\"fusion-fullwidth fullwidth-box fusion-builder-row-1 fusion-flex-container has-pattern-background has-mask-background nonhundred-percent-fullwidth non-hundred-percent-height-scrolling\" style=\"background-color: var(--awb-color4);background-position: center center;background-repeat: no-repeat;border-width: 0px 0px 0px 0px;border-color:var(--awb-color3);border-style:solid;\" ><div class=\"fusion-builder-row fusion-row fusion-flex-align-items-flex-start fusion-flex-align-content-center\" style=\"max-width:1248px;margin-left: calc(-4% \/ 2 );margin-right: calc(-4% \/ 2 );\"><div class=\"fusion-layout-column fusion_builder_column fusion-builder-column-0 fusion_builder_column_1_1 1_1 fusion-flex-column\"><div class=\"fusion-column-wrapper fusion-flex-justify-content-flex-start fusion-content-layout-column\" style=\"background-position:left top;background-repeat:no-repeat;-webkit-background-size:cover;-moz-background-size:cover;-o-background-size:cover;background-size:cover;padding: 0px 0px 0px 0px;\"><style type=\"text\/css\">@media only screen and (max-width:1024px) {.fusion-title.fusion-title-1{margin-top:10px!important; margin-right:0px!important;margin-bottom:15px!important;margin-left:0px!important;}}@media only screen and (max-width:640px) {.fusion-title.fusion-title-1{margin-top:10px!important; margin-right:0px!important;margin-bottom:10px!important; margin-left:0px!important;}}<\/style><div class=\"fusion-title title fusion-title-1 fusion-sep-none fusion-title-center fusion-title-text fusion-title-size-one fusion-animated\" style=\"font-size:40px;margin-top:10px;margin-right:0px;margin-bottom:15px;margin-left:0px;\" data-animationType=\"fadeInDown\" data-animationDuration=\"1.9\" data-animationOffset=\"top-into-view\"><h1 class=\"title-heading-center\" style=\"margin:0;font-size:1em;color:var(--awb-color1);\"><p style=\"text-align: center;\">Els nostres serveis<\/p><\/h1><\/div><div class=\"fusion-text fusion-text-1 fusion-animated\" style=\"font-size:18px;color:var(--awb-color1);\" data-animationType=\"fadeInDown\" data-animationDuration=\"2.2\" data-animationOffset=\"top-into-view\"><p style=\"text-align: center;\">Al servei de la protecci\u00f3 contra incendis<br \/>Innovaci\u00f3, professionalitat, dedicaci\u00f3 i experi\u00e8ncia.<\/p>\n<\/div><\/div><style type=\"text\/css\">.fusion-body .fusion-builder-column-0{width:100% !important;margin-top : 0px;margin-bottom : 100px;}.fusion-builder-column-0 > .fusion-column-wrapper {padding-top : 0px !important;padding-right : 0px !important;margin-right : 1.92%;padding-bottom : 0px !important;padding-left : 0px !important;margin-left : 1.92%;}@media only screen and (max-width:1024px) {.fusion-body .fusion-builder-column-0{width:100% !important;order : 0;}.fusion-builder-column-0 > .fusion-column-wrapper {margin-right : 1.92%;margin-left : 1.92%;}}@media only screen and (max-width:640px) {.fusion-body .fusion-builder-column-0{width:100% !important;order : 0;}.fusion-builder-column-0 > .fusion-column-wrapper {margin-right : 1.92%;margin-left : 1.92%;}}<\/style><\/div><\/div><style type=\"text\/css\">.fusion-body .fusion-flex-container.fusion-builder-row-1{ padding-top : 120px;margin-top : -60px;padding-right : 0px;padding-bottom : 0px;margin-bottom : 0px;padding-left : 0px;}<\/style><\/div><div class=\"fusion-fullwidth fullwidth-box fusion-builder-row-2 fusion-flex-container has-pattern-background has-mask-background nonhundred-percent-fullwidth non-hundred-percent-height-scrolling\" style=\"background-color: var(--awb-color4);background-position: center center;background-repeat: no-repeat;border-width: 0px 0px 0px 0px;border-color:var(--awb-color3);border-style:solid;\" id=\"ingenieria-y-diseno\" ><div class=\"fusion-builder-row fusion-row fusion-flex-align-items-stretch fusion-flex-align-content-space-evenly fusion-flex-justify-content-center\" style=\"max-width:1248px;margin-left: calc(-4% \/ 2 );margin-right: calc(-4% \/ 2 );\"><div class=\"fusion-layout-column fusion_builder_column fusion-builder-column-1 fusion_builder_column_1_2 1_2 fusion-flex-column fusion-flex-align-self-flex-start fusion-column-inner-bg-wrapper\"><div class=\"fusion-column-wrapper fusion-flex-justify-content-flex-start fusion-content-layout-column\" style=\"border-width: 1px 1px 2px 1px;border-color:var(--awb-color4);border-style:solid;padding: 50px 50px 50px 50px;\"><style type=\"text\/css\">@media only screen and (max-width:1024px) {.fusion-title.fusion-title-2{margin-top:10px!important; margin-right:0px!important;margin-bottom:15px!important;margin-left:0px!important;}}@media only screen and (max-width:640px) {.fusion-title.fusion-title-2{margin-top:10px!important; margin-right:0px!important;margin-bottom:10px!important; margin-left:0px!important;}}<\/style><div class=\"fusion-title title fusion-title-2 fusion-sep-none fusion-title-text fusion-title-size-two fusion-animated\" style=\"font-size:25px;margin-top:10px;margin-right:0px;margin-bottom:15px;margin-left:0px;\" data-animationType=\"fadeInLeft\" data-animationDuration=\"1.5\" data-animationOffset=\"top-into-view\"><h2 class=\"title-heading-left\" style=\"margin:0;font-size:1em;color:var(--awb-color4);\"><p style=\"text-align: left;\">Enginyeria i disseny de<br \/>sistemes contra incendis<\/p><\/h2><\/div><div class=\"fusion-text fusion-text-2 fusion-text-no-margin\" style=\"margin-bottom:50px;\"><p>Des del nostre departament d&#8217;enginyeria dissenyem projectes adaptats a les seves necessitats, oferint solucions a mesura, especialment en les fases inicials del projecte, on aplicant les \u00faltimes innovacions ens enfoquem a trobar els sistemes que millor responguin a les necessitats reals dels nostres clients&#8230;<\/p>\n<\/div><a class=\"fb-icon-element-1 fb-icon-element fontawesome-icon fa-long-arrow-alt-right fas circle-no fusion-text-flow fusion-link\" style=\"font-size:50px;margin-bottom:20px;\" href=\"\/nuestros-servicios\/ingenieria-y-diseno\" aria-label=\"Link to \/nuestros-servicios\/ingenieria-y-diseno\" target=\"_self\"><\/a><style>a.fb-icon-element.fontawesome-icon.fb-icon-element-1{ color: var(--awb-color4);}a.fb-icon-element.fontawesome-icon.fb-icon-element-1:hover { color: var(--awb-color5);}<\/style><div ><style>.fusion-imageframe.imageframe-1 img{aspect-ratio:16 \/ 9;object-position:43% 0%;}<\/style><span class=\" fusion-imageframe imageframe-none imageframe-1 hover-type-none has-aspect-ratio\"><img decoding=\"async\" width=\"300\" height=\"238\" title=\"undraw_working_remotely_re_6b3a\" src=\"https:\/\/visufoc.com\/wp-content\/uploads\/2023\/01\/undraw_working_remotely_re_6b3a.svg\" class=\"img-responsive wp-image-4512 img-with-aspect-ratio\" alt \/><\/span><\/div><\/div><span class=\"fusion-column-inner-bg hover-type-none\"><a class=\"fusion-column-anchor\" href=\"\/nuestros-servicios\/ingenieria-y-diseno\"><span class=\"fusion-column-inner-bg-image\" style=\"background-color:var(--awb-color1);background-position:left top;background-repeat:no-repeat;-webkit-background-size:cover;-moz-background-size:cover;-o-background-size:cover;background-size:cover;\"><\/span><\/a><\/span><style type=\"text\/css\">.fusion-body .fusion-builder-column-1{width:50% !important;margin-top : 0px;margin-bottom : 0px;}.fusion-builder-column-1 > .fusion-column-wrapper {padding-top : 50px !important;padding-right : 50px !important;margin-right : 0%;padding-bottom : 50px !important;padding-left : 50px !important;margin-left : 3.84%;}.fusion-flex-container .fusion-row .fusion-builder-column-1 > .fusion-column-inner-bg { margin-right:0%;margin-left:3.84%; }@media only screen and (max-width:1024px) {.fusion-body .fusion-builder-column-1{width:50% !important;order : 0;}.fusion-builder-column-1 > .fusion-column-wrapper {margin-right : 0%;margin-left : 3.84%;}.fusion-flex-container .fusion-row .fusion-builder-column-1 > .fusion-column-inner-bg { margin-right:0%;margin-left:3.84%; }}@media only screen and (max-width:640px) {.fusion-body .fusion-builder-column-1{width:100% !important;order : 0;}.fusion-builder-column-1 > .fusion-column-wrapper {margin-right : 1.92%;margin-left : 1.92%;}.fusion-flex-container .fusion-row .fusion-builder-column-1 > .fusion-column-inner-bg { margin-right:1.92%;margin-left:1.92%; }}<\/style><\/div><div class=\"fusion-layout-column fusion_builder_column fusion-builder-column-2 fusion_builder_column_1_2 1_2 fusion-flex-column fusion-flex-align-self-flex-start fusion-column-inner-bg-wrapper\"><div class=\"fusion-column-wrapper fusion-flex-justify-content-flex-start fusion-content-layout-column\" style=\"border-width: 1px 1px 2px 1px;border-color:var(--awb-color4);border-style:solid;padding: 50px 50px 50px 50px;\"><style type=\"text\/css\">@media only screen and (max-width:1024px) {.fusion-title.fusion-title-3{margin-top:10px!important; margin-right:0px!important;margin-bottom:15px!important;margin-left:0px!important;}}@media only screen and (max-width:640px) {.fusion-title.fusion-title-3{margin-top:10px!important; margin-right:0px!important;margin-bottom:10px!important; margin-left:0px!important;}}<\/style><div class=\"fusion-title title fusion-title-3 fusion-sep-none fusion-title-text fusion-title-size-two fusion-animated\" style=\"font-size:25px;margin-top:10px;margin-right:0px;margin-bottom:15px;margin-left:0px;\" data-animationType=\"fadeInLeft\" data-animationDuration=\"1.5\" data-animationOffset=\"top-into-view\"><h2 class=\"title-heading-left\" style=\"margin:0;font-size:1em;color:var(--awb-color4);\"><p style=\"text-align: left;\">Instal\u00b7laci\u00f3 i manteniment<br \/>de sistemes contra incendis<\/p><\/h2><\/div><div class=\"fusion-text fusion-text-3 fusion-text-no-margin\" style=\"margin-bottom:50px;\"><p>La finalitat m\u00e0xima de Visufoc \u00e9s poder oferir fiabilitat als sistemes de protecci\u00f3 contra incendis. Per aix\u00f2 treballem amb les millors marques i prove\u00efdors del mercat, i disposem de t\u00e8cnics cont\u00ednuament formats per a poder oferir el millor servei per als seus equips&#8230;<\/p>\n<\/div><a class=\"fb-icon-element-2 fb-icon-element fontawesome-icon fa-long-arrow-alt-right fas circle-no fusion-text-flow fusion-link\" style=\"font-size:50px;margin-bottom:20px;\" href=\"\/nuestros-servicios\/ingenieria-y-diseno\" aria-label=\"Link to \/nuestros-servicios\/ingenieria-y-diseno\" target=\"_self\"><\/a><style>a.fb-icon-element.fontawesome-icon.fb-icon-element-2{ color: var(--awb-color4);}a.fb-icon-element.fontawesome-icon.fb-icon-element-2:hover { color: var(--awb-color5);}<\/style><div ><style>.fusion-imageframe.imageframe-2 img{aspect-ratio:16 \/ 9;}<\/style><span class=\" fusion-imageframe imageframe-none imageframe-2 hover-type-none has-aspect-ratio\"><img decoding=\"async\" width=\"300\" height=\"283\" title=\"undraw_features_overview_re_2w78\" src=\"https:\/\/visufoc.com\/wp-content\/uploads\/2022\/11\/undraw_features_overview_re_2w78.svg\" class=\"img-responsive wp-image-4505 img-with-aspect-ratio\" alt \/><\/span><\/div><\/div><span class=\"fusion-column-inner-bg hover-type-none\"><a class=\"fusion-column-anchor\" href=\"\/nuestros-servicios\/instalacion-y-mantenimiento\"><span class=\"fusion-column-inner-bg-image\" style=\"background-color:var(--awb-color1);background-position:left top;background-repeat:no-repeat;-webkit-background-size:cover;-moz-background-size:cover;-o-background-size:cover;background-size:cover;\"><\/span><\/a><\/span><style type=\"text\/css\">.fusion-body .fusion-builder-column-2{width:50% !important;margin-top : 0px;margin-bottom : 0px;}.fusion-builder-column-2 > .fusion-column-wrapper {padding-top : 50px !important;padding-right : 50px !important;margin-right : 3.84%;padding-bottom : 50px !important;padding-left : 50px !important;margin-left : 0%;}.fusion-flex-container .fusion-row .fusion-builder-column-2 > .fusion-column-inner-bg { margin-right:3.84%;margin-left:0%; }@media only screen and (max-width:1024px) {.fusion-body .fusion-builder-column-2{width:50% !important;order : 0;}.fusion-builder-column-2 > .fusion-column-wrapper {margin-right : 3.84%;margin-left : 0%;}.fusion-flex-container .fusion-row .fusion-builder-column-2 > .fusion-column-inner-bg { margin-right:3.84%;margin-left:0%; }}@media only screen and (max-width:640px) {.fusion-body .fusion-builder-column-2{width:100% !important;order : 0;}.fusion-builder-column-2 > .fusion-column-wrapper {margin-right : 1.92%;margin-left : 1.92%;}.fusion-flex-container .fusion-row .fusion-builder-column-2 > .fusion-column-inner-bg { margin-right:1.92%;margin-left:1.92%; }}<\/style><\/div><div class=\"fusion-layout-column fusion_builder_column fusion-builder-column-3 fusion_builder_column_1_2 1_2 fusion-flex-column fusion-flex-align-self-flex-start fusion-column-inner-bg-wrapper\"><div class=\"fusion-column-wrapper fusion-flex-justify-content-flex-start fusion-content-layout-column\" style=\"border-width: 1px 1px 2px 1px;border-color:var(--awb-color4);border-style:solid;padding: 50px 50px 50px 50px;\"><style type=\"text\/css\">@media only screen and (max-width:1024px) {.fusion-title.fusion-title-4{margin-top:10px!important; margin-right:0px!important;margin-bottom:15px!important;margin-left:0px!important;}}@media only screen and (max-width:640px) {.fusion-title.fusion-title-4{margin-top:10px!important; margin-right:0px!important;margin-bottom:10px!important; margin-left:0px!important;}}<\/style><div class=\"fusion-title title fusion-title-4 fusion-sep-none fusion-title-text fusion-title-size-two fusion-animated\" style=\"font-size:25px;margin-top:10px;margin-right:0px;margin-bottom:15px;margin-left:0px;\" data-animationType=\"fadeInLeft\" data-animationDuration=\"1.5\" data-animationOffset=\"top-into-view\"><h2 class=\"title-heading-left\" style=\"margin:0;font-size:1em;color:var(--awb-color4);\">Assessorament i auditories de sistemes contra incendi<\/h2><\/div><div class=\"fusion-text fusion-text-4 fusion-text-no-margin\" style=\"margin-bottom:50px;\"><p>Els incendis no sols s&#8217;han d&#8217;extingir, sin\u00f3 que pensem que \u00e9s igual d&#8217;important poder preveure i evitar els fets que ocorren abans que es formin.<\/p>\n<p>Pensar en els possibles or\u00edgens, el desenvolupament, el comportament amb els materials de la instal\u00b7laci\u00f3 i els efectes dels sistemes d&#8217;extinci\u00f3 per a poder minimitzar danys humans i materials&#8230;<\/p>\n<\/div><a class=\"fb-icon-element-3 fb-icon-element fontawesome-icon fa-long-arrow-alt-right fas circle-no fusion-text-flow fusion-link\" style=\"font-size:50px;margin-bottom:20px;\" href=\"\/nuestros-servicios\/ingenieria-y-diseno\" aria-label=\"Link to \/nuestros-servicios\/ingenieria-y-diseno\" target=\"_self\"><\/a><style>a.fb-icon-element.fontawesome-icon.fb-icon-element-3{ color: var(--awb-color4);}a.fb-icon-element.fontawesome-icon.fb-icon-element-3:hover { color: var(--awb-color5);}<\/style><div ><style>.fusion-imageframe.imageframe-3 img{aspect-ratio:16 \/ 9;}<\/style><span class=\" fusion-imageframe imageframe-none imageframe-3 hover-type-none has-aspect-ratio\"><img decoding=\"async\" width=\"300\" height=\"178\" title=\"undraw_detailed_information_re_qmuc\" src=\"https:\/\/visufoc.com\/wp-content\/uploads\/2023\/01\/undraw_detailed_information_re_qmuc.svg\" class=\"img-responsive wp-image-4507 img-with-aspect-ratio\" alt \/><\/span><\/div><\/div><span class=\"fusion-column-inner-bg hover-type-none\"><a class=\"fusion-column-anchor\" href=\"\/nuestros-servicios\/asesoramiento-y-auditorias\"><span class=\"fusion-column-inner-bg-image\" style=\"background-color:var(--awb-color1);background-position:left top;background-repeat:no-repeat;-webkit-background-size:cover;-moz-background-size:cover;-o-background-size:cover;background-size:cover;\"><\/span><\/a><\/span><style type=\"text\/css\">.fusion-body .fusion-builder-column-3{width:50% !important;margin-top : 0px;margin-bottom : 0px;}.fusion-builder-column-3 > .fusion-column-wrapper {padding-top : 50px !important;padding-right : 50px !important;margin-right : 0%;padding-bottom : 50px !important;padding-left : 50px !important;margin-left : 3.84%;}.fusion-flex-container .fusion-row .fusion-builder-column-3 > .fusion-column-inner-bg { margin-right:0%;margin-left:3.84%; }@media only screen and (max-width:1024px) {.fusion-body .fusion-builder-column-3{width:50% !important;order : 0;}.fusion-builder-column-3 > .fusion-column-wrapper {margin-right : 0%;margin-left : 3.84%;}.fusion-flex-container .fusion-row .fusion-builder-column-3 > .fusion-column-inner-bg { margin-right:0%;margin-left:3.84%; }}@media only screen and (max-width:640px) {.fusion-body .fusion-builder-column-3{width:100% !important;order : 0;}.fusion-builder-column-3 > .fusion-column-wrapper {margin-right : 1.92%;margin-left : 1.92%;}.fusion-flex-container .fusion-row .fusion-builder-column-3 > .fusion-column-inner-bg { margin-right:1.92%;margin-left:1.92%; }}<\/style><\/div><div class=\"fusion-layout-column fusion_builder_column fusion-builder-column-4 fusion_builder_column_1_2 1_2 fusion-flex-column fusion-flex-align-self-flex-start fusion-column-inner-bg-wrapper\"><div class=\"fusion-column-wrapper fusion-flex-justify-content-flex-start fusion-content-layout-column\" style=\"border-width: 1px 1px 2px 1px;border-color:var(--awb-color4);border-style:solid;padding: 50px 50px 50px 50px;\"><style type=\"text\/css\">@media only screen and (max-width:1024px) {.fusion-title.fusion-title-5{margin-top:10px!important; margin-right:0px!important;margin-bottom:15px!important;margin-left:0px!important;}}@media only screen and (max-width:640px) {.fusion-title.fusion-title-5{margin-top:10px!important; margin-right:0px!important;margin-bottom:10px!important; margin-left:0px!important;}}<\/style><div class=\"fusion-title title fusion-title-5 fusion-sep-none fusion-title-text fusion-title-size-two fusion-animated\" style=\"font-size:25px;margin-top:10px;margin-right:0px;margin-bottom:15px;margin-left:0px;\" data-animationType=\"fadeInLeft\" data-animationDuration=\"1.5\" data-animationOffset=\"top-into-view\"><h2 class=\"title-heading-left\" style=\"margin:0;font-size:1em;color:var(--awb-color4);\">Formaci\u00f3 en protecci\u00f3 contra incendi<\/h2><\/div><div class=\"fusion-text fusion-text-5 fusion-text-no-margin\" style=\"margin-bottom:50px;\"><p>Orientat a clients i empreses que necessitin una formaci\u00f3 espec\u00edfica en mat\u00e8ria de contra incendis i emerg\u00e8ncies.<\/p>\n<p>Considerem que \u00e9s de vital import\u00e0ncia a m\u00e9s de tenir els mitjans de protecci\u00f3 contra incendis instal\u00b7lats i en el seu correcte funcionament saber utilitzar els mateixos correctament i com actuar en cas d&#8217;emerg\u00e8ncia&#8230;<\/p>\n<\/div><a class=\"fb-icon-element-4 fb-icon-element fontawesome-icon fa-long-arrow-alt-right fas circle-no fusion-text-flow fusion-link\" style=\"font-size:50px;margin-bottom:20px;\" href=\"\/nuestros-servicios\/ingenieria-y-diseno\" aria-label=\"Link to \/nuestros-servicios\/ingenieria-y-diseno\" target=\"_self\"><\/a><style>a.fb-icon-element.fontawesome-icon.fb-icon-element-4{ color: var(--awb-color4);}a.fb-icon-element.fontawesome-icon.fb-icon-element-4:hover { color: var(--awb-color5);}<\/style><div ><style>.fusion-imageframe.imageframe-4 img{aspect-ratio:16 \/ 9;}<\/style><span class=\" fusion-imageframe imageframe-none imageframe-4 hover-type-none has-aspect-ratio\"><img decoding=\"async\" width=\"300\" height=\"196\" title=\"undraw_educator_re_ju47\" src=\"https:\/\/visufoc.com\/wp-content\/uploads\/2023\/01\/undraw_educator_re_ju47.svg\" class=\"img-responsive wp-image-4506 img-with-aspect-ratio\" alt \/><\/span><\/div><\/div><span class=\"fusion-column-inner-bg hover-type-none\"><a class=\"fusion-column-anchor\" href=\"\/nuestros-servicios\/formacion\"><span class=\"fusion-column-inner-bg-image\" style=\"background-color:var(--awb-color1);background-position:left top;background-repeat:no-repeat;-webkit-background-size:cover;-moz-background-size:cover;-o-background-size:cover;background-size:cover;\"><\/span><\/a><\/span><style type=\"text\/css\">.fusion-body .fusion-builder-column-4{width:50% !important;margin-top : 0px;margin-bottom : 0px;}.fusion-builder-column-4 > .fusion-column-wrapper {padding-top : 50px !important;padding-right : 50px !important;margin-right : 3.84%;padding-bottom : 50px !important;padding-left : 50px !important;margin-left : 0%;}.fusion-flex-container .fusion-row .fusion-builder-column-4 > .fusion-column-inner-bg { margin-right:3.84%;margin-left:0%; }@media only screen and (max-width:1024px) {.fusion-body .fusion-builder-column-4{width:50% !important;order : 0;}.fusion-builder-column-4 > .fusion-column-wrapper {margin-right : 3.84%;margin-left : 0%;}.fusion-flex-container .fusion-row .fusion-builder-column-4 > .fusion-column-inner-bg { margin-right:3.84%;margin-left:0%; }}@media only screen and (max-width:640px) {.fusion-body .fusion-builder-column-4{width:100% !important;order : 0;}.fusion-builder-column-4 > .fusion-column-wrapper {margin-right : 1.92%;margin-left : 1.92%;}.fusion-flex-container .fusion-row .fusion-builder-column-4 > .fusion-column-inner-bg { margin-right:1.92%;margin-left:1.92%; }}<\/style><\/div><\/div><style type=\"text\/css\">.fusion-body .fusion-flex-container.fusion-builder-row-2{ padding-top : 0px;margin-top : 0px;padding-right : 0px;padding-bottom : 120px;margin-bottom : -60px;padding-left : 0px;}<\/style><\/div><\/p>\n","protected":false},"excerpt":{"rendered":"","protected":false},"author":2,"featured_media":0,"parent":0,"menu_order":0,"comment_status":"closed","ping_status":"closed","template":"100-width.php","meta":{"inline_featured_image":false,"footnotes":""},"class_list":["post-4523","page","type-page","status-publish","hentry"],"yoast_head":"<!-- This site is optimized with the Yoast SEO plugin v27.6 - https:\/\/yoast.com\/product\/yoast-seo-wordpress\/ -->\n<title>Els nostres serveis - Visufoc<\/title>\n<meta name=\"robots\" content=\"index, follow, max-snippet:-1, max-image-preview:large, max-video-preview:-1\" \/>\n<link rel=\"canonical\" href=\"https:\/\/visufoc.com\/ca\/els-nostres-serveis\/\" \/>\n<meta property=\"og:locale\" content=\"ca_ES\" \/>\n<meta property=\"og:type\" content=\"article\" \/>\n<meta property=\"og:title\" content=\"Els nostres serveis - Visufoc\" \/>\n<meta property=\"og:url\" content=\"https:\/\/visufoc.com\/ca\/els-nostres-serveis\/\" \/>\n<meta property=\"og:site_name\" content=\"Visufoc\" \/>\n<meta property=\"article:modified_time\" content=\"2023-02-03T11:06:53+00:00\" \/>\n<meta name=\"twitter:card\" content=\"summary_large_image\" \/>\n<meta name=\"twitter:label1\" content=\"Temps estimat de lectura\" \/>\n\t<meta name=\"twitter:data1\" content=\"16 minuts\" \/>\n<script type=\"application\/ld+json\" class=\"yoast-schema-graph\">{\"@context\":\"https:\\\/\\\/schema.org\",\"@graph\":[{\"@type\":\"WebPage\",\"@id\":\"https:\\\/\\\/visufoc.com\\\/ca\\\/els-nostres-serveis\\\/\",\"url\":\"https:\\\/\\\/visufoc.com\\\/ca\\\/els-nostres-serveis\\\/\",\"name\":\"Els nostres serveis - Visufoc\",\"isPartOf\":{\"@id\":\"https:\\\/\\\/visufoc.com\\\/ca\\\/#website\"},\"datePublished\":\"2023-01-18T08:08:55+00:00\",\"dateModified\":\"2023-02-03T11:06:53+00:00\",\"breadcrumb\":{\"@id\":\"https:\\\/\\\/visufoc.com\\\/ca\\\/els-nostres-serveis\\\/#breadcrumb\"},\"inLanguage\":\"ca\",\"potentialAction\":[{\"@type\":\"ReadAction\",\"target\":[\"https:\\\/\\\/visufoc.com\\\/ca\\\/els-nostres-serveis\\\/\"]}]},{\"@type\":\"BreadcrumbList\",\"@id\":\"https:\\\/\\\/visufoc.com\\\/ca\\\/els-nostres-serveis\\\/#breadcrumb\",\"itemListElement\":[{\"@type\":\"ListItem\",\"position\":1,\"name\":\"Portada\",\"item\":\"https:\\\/\\\/visufoc.com\\\/ca\\\/\"},{\"@type\":\"ListItem\",\"position\":2,\"name\":\"Els nostres serveis\"}]},{\"@type\":\"WebSite\",\"@id\":\"https:\\\/\\\/visufoc.com\\\/ca\\\/#website\",\"url\":\"https:\\\/\\\/visufoc.com\\\/ca\\\/\",\"name\":\"Visufoc\",\"description\":\"Sistemas Contra Incendios\",\"potentialAction\":[{\"@type\":\"SearchAction\",\"target\":{\"@type\":\"EntryPoint\",\"urlTemplate\":\"https:\\\/\\\/visufoc.com\\\/ca\\\/?s={search_term_string}\"},\"query-input\":{\"@type\":\"PropertyValueSpecification\",\"valueRequired\":true,\"valueName\":\"search_term_string\"}}],\"inLanguage\":\"ca\"}]}<\/script>\n<!-- \/ Yoast SEO plugin. -->","yoast_head_json":{"title":"Els nostres serveis - Visufoc","robots":{"index":"index","follow":"follow","max-snippet":"max-snippet:-1","max-image-preview":"max-image-preview:large","max-video-preview":"max-video-preview:-1"},"canonical":"https:\/\/visufoc.com\/ca\/els-nostres-serveis\/","og_locale":"ca_ES","og_type":"article","og_title":"Els nostres serveis - Visufoc","og_url":"https:\/\/visufoc.com\/ca\/els-nostres-serveis\/","og_site_name":"Visufoc","article_modified_time":"2023-02-03T11:06:53+00:00","twitter_card":"summary_large_image","twitter_misc":{"Temps estimat de lectura":"16 minuts"},"schema":{"@context":"https:\/\/schema.org","@graph":[{"@type":"WebPage","@id":"https:\/\/visufoc.com\/ca\/els-nostres-serveis\/","url":"https:\/\/visufoc.com\/ca\/els-nostres-serveis\/","name":"Els nostres serveis - Visufoc","isPartOf":{"@id":"https:\/\/visufoc.com\/ca\/#website"},"datePublished":"2023-01-18T08:08:55+00:00","dateModified":"2023-02-03T11:06:53+00:00","breadcrumb":{"@id":"https:\/\/visufoc.com\/ca\/els-nostres-serveis\/#breadcrumb"},"inLanguage":"ca","potentialAction":[{"@type":"ReadAction","target":["https:\/\/visufoc.com\/ca\/els-nostres-serveis\/"]}]},{"@type":"BreadcrumbList","@id":"https:\/\/visufoc.com\/ca\/els-nostres-serveis\/#breadcrumb","itemListElement":[{"@type":"ListItem","position":1,"name":"Portada","item":"https:\/\/visufoc.com\/ca\/"},{"@type":"ListItem","position":2,"name":"Els nostres serveis"}]},{"@type":"WebSite","@id":"https:\/\/visufoc.com\/ca\/#website","url":"https:\/\/visufoc.com\/ca\/","name":"Visufoc","description":"Sistemas Contra Incendios","potentialAction":[{"@type":"SearchAction","target":{"@type":"EntryPoint","urlTemplate":"https:\/\/visufoc.com\/ca\/?s={search_term_string}"},"query-input":{"@type":"PropertyValueSpecification","valueRequired":true,"valueName":"search_term_string"}}],"inLanguage":"ca"}]}},"_links":{"self":[{"href":"https:\/\/visufoc.com\/ca\/wp-json\/wp\/v2\/pages\/4523","targetHints":{"allow":["GET"]}}],"collection":[{"href":"https:\/\/visufoc.com\/ca\/wp-json\/wp\/v2\/pages"}],"about":[{"href":"https:\/\/visufoc.com\/ca\/wp-json\/wp\/v2\/types\/page"}],"author":[{"embeddable":true,"href":"https:\/\/visufoc.com\/ca\/wp-json\/wp\/v2\/users\/2"}],"replies":[{"embeddable":true,"href":"https:\/\/visufoc.com\/ca\/wp-json\/wp\/v2\/comments?post=4523"}],"version-history":[{"count":9,"href":"https:\/\/visufoc.com\/ca\/wp-json\/wp\/v2\/pages\/4523\/revisions"}],"predecessor-version":[{"id":4706,"href":"https:\/\/visufoc.com\/ca\/wp-json\/wp\/v2\/pages\/4523\/revisions\/4706"}],"wp:attachment":[{"href":"https:\/\/visufoc.com\/ca\/wp-json\/wp\/v2\/media?parent=4523"}],"curies":[{"name":"wp","href":"https:\/\/api.w.org\/{rel}","templated":true}]}}