{"id":4610,"date":"2023-01-25T10:31:21","date_gmt":"2023-01-25T09:31:21","guid":{"rendered":"https:\/\/visufoc.com\/els-nostres-serveis\/instal%c2%b7lacio-i-manteniment-de-sistemes-contra-incendis\/"},"modified":"2023-02-02T16:42:11","modified_gmt":"2023-02-02T15:42:11","slug":"instal%c2%b7lacio-i-manteniment-de-sistemes-contra-incendis","status":"publish","type":"page","link":"https:\/\/visufoc.com\/ca\/els-nostres-serveis\/instal%c2%b7lacio-i-manteniment-de-sistemes-contra-incendis\/","title":{"rendered":"Instal\u00b7laci\u00f3 i manteniment de sistemes contra incendis"},"content":{"rendered":"<div class=\"fusion-fullwidth fullwidth-box fusion-builder-row-1 fusion-flex-container has-pattern-background has-mask-background nonhundred-percent-fullwidth non-hundred-percent-height-scrolling\" style=\"background-color: var(--awb-color4);background-position: center center;background-repeat: no-repeat;border-width: 0px 0px 0px 0px;border-color:var(--awb-color3);border-style:solid;\" id=\"asesoramiento\" ><div class=\"fusion-builder-row fusion-row fusion-flex-align-items-flex-start fusion-flex-align-content-space-evenly\" style=\"max-width:1248px;margin-left: calc(-4% \/ 2 );margin-right: calc(-4% \/ 2 );\"><div class=\"fusion-layout-column fusion_builder_column fusion-builder-column-0 fusion_builder_column_1_1 1_1 fusion-flex-column\"><div class=\"fusion-column-wrapper fusion-flex-justify-content-flex-start fusion-content-layout-column\" style=\"background-position:left top;background-repeat:no-repeat;-webkit-background-size:cover;-moz-background-size:cover;-o-background-size:cover;background-size:cover;padding: 0px 0px 0px 0px;\"><div class=\"fusion-section-separator section-separator slant fusion-section-separator-1\"><div class=\"fusion-section-separator-svg\" style=\"padding:0;\"><svg class=\"fusion-slant-candy\" xmlns=\"http:\/\/www.w3.org\/2000\/svg\" version=\"1.1\" width=\"100%\" height=\"100\" viewBox=\"0 0 100 100\" preserveAspectRatio=\"none\" style=\"padding:0;margin-bottom:-3px;display:block;\" fill=\"rgba(16,6,159,1)\"><path d=\"M0 0 L0 100 L100 100 Z\"><\/path><\/svg><\/div><div class=\"fusion-section-separator-spacer\"><div class=\"fusion-section-separator-spacer-height\" style=\"height:99px;\"><\/div><\/div><style type=\"text\/css\">.fusion-section-separator-1 .fusion-section-separator-svg {margin-left:1.92%;margin-right:1.92%;}@media only screen and (max-width:1024px) {.fusion-section-separator-1 .fusion-section-separator-svg {margin-left:1.92%;margin-right:1.92%;}}@media only screen and (max-width:640px) {.fusion-section-separator-1 .fusion-section-separator-svg {margin-left:1.92%;margin-right:1.92%;}}<\/style><\/div><i class=\"fb-icon-element-1 fb-icon-element fontawesome-icon fa-fire-extinguisher fas circle-yes\" style=\"font-size:44px;line-height:86px;height:88px;width:88px;border-width:1px;border-radius:50% 50% 50% 50%;margin: 0px;\"><\/i><style>i.fb-icon-element.fontawesome-icon.fb-icon-element-1{ color: var(--awb-color1); background-color: var(--awb-color5); border-color: var(--awb-color8);}i.fb-icon-element.fontawesome-icon.fb-icon-element-1:hover { color: var(--awb-color1); background-color: var(--awb-color4); border-color: var(--awb-color8);}i.fb-icon-element.fontawesome-icon.fb-icon-element-1{ align-self:center;}<\/style><style type=\"text\/css\">@media only screen and (max-width:1024px) {.fusion-title.fusion-title-1{margin-top:10px!important; margin-right:0px!important;margin-bottom:15px!important;margin-left:0px!important;}}@media only screen and (max-width:640px) {.fusion-title.fusion-title-1{margin-top:10px!important; margin-right:0px!important;margin-bottom:10px!important; margin-left:0px!important;}}<\/style><div class=\"fusion-title title fusion-title-1 fusion-sep-none fusion-title-center fusion-title-text fusion-title-size-one\" style=\"font-size:40px;margin-top:10px;margin-right:0px;margin-bottom:15px;margin-left:0px;\"><h1 class=\"title-heading-center\" style=\"margin:0;font-size:1em;color:var(--awb-color1);\">Instal\u00b7laci\u00f3 i manteniment de <br \/>sistemes contra incendis<\/h1><\/div><\/div><style type=\"text\/css\">.fusion-body .fusion-builder-column-0{width:100% !important;margin-top : 0px;margin-bottom : 100px;}.fusion-builder-column-0 > .fusion-column-wrapper {padding-top : 0px !important;padding-right : 0px !important;margin-right : 1.92%;padding-bottom : 0px !important;padding-left : 0px !important;margin-left : 1.92%;}@media only screen and (max-width:1024px) {.fusion-body .fusion-builder-column-0{width:100% !important;order : 0;}.fusion-builder-column-0 > .fusion-column-wrapper {margin-right : 1.92%;margin-left : 1.92%;}}@media only screen and (max-width:640px) {.fusion-body .fusion-builder-column-0{width:100% !important;order : 0;}.fusion-builder-column-0 > .fusion-column-wrapper {margin-right : 1.92%;margin-left : 1.92%;}}<\/style><\/div><div class=\"fusion-layout-column fusion_builder_column fusion-builder-column-1 fusion_builder_column_1_2 1_2 fusion-flex-column\"><div class=\"fusion-column-wrapper fusion-flex-justify-content-flex-start fusion-content-layout-column\" style=\"background-position:left top;background-repeat:no-repeat;-webkit-background-size:cover;-moz-background-size:cover;-o-background-size:cover;background-size:cover;padding: 0px 0px 0px 0px;\"><div class=\"fusion-text fusion-text-1\" style=\"color:var(--awb-color1);\"><p>La finalitat m\u00e0xima de Visufoc \u00e9s poder oferir fiabilitat als sistemes de protecci\u00f3 contra incendis. Per aix\u00f2 treballem amb les millors marques i prove\u00efdors del mercat, i disposem de t\u00e8cnics cont\u00ednuament formats per a poder oferir el millor servei per als seus equips.<\/p>\n<p>Des del disseny, passant per la instal\u00b7laci\u00f3 i el seu posterior manteniment, realitzem tots els passos per a poder garantir que en moments cr\u00edtics els sistemes funcionin correctament i aix\u00ed minimitzar p\u00e8rdues humanes i materials.<\/p>\n<\/div><\/div><style type=\"text\/css\">.fusion-body .fusion-builder-column-1{width:50% !important;margin-top : 0px;margin-bottom : 51px;}.fusion-builder-column-1 > .fusion-column-wrapper {padding-top : 0px !important;padding-right : 0px !important;margin-right : 3.84%;padding-bottom : 0px !important;padding-left : 0px !important;margin-left : 3.84%;}@media only screen and (max-width:1024px) {.fusion-body .fusion-builder-column-1{width:50% !important;order : 0;}.fusion-builder-column-1 > .fusion-column-wrapper {margin-right : 3.84%;margin-left : 3.84%;}}@media only screen and (max-width:640px) {.fusion-body .fusion-builder-column-1{width:100% !important;order : 0;}.fusion-builder-column-1 > .fusion-column-wrapper {margin-right : 1.92%;margin-left : 1.92%;}}<\/style><\/div><div class=\"fusion-layout-column fusion_builder_column fusion-builder-column-2 fusion_builder_column_1_2 1_2 fusion-flex-column\"><div class=\"fusion-column-wrapper fusion-flex-justify-content-flex-start fusion-content-layout-column\" style=\"background-position:left top;background-repeat:no-repeat;-webkit-background-size:cover;-moz-background-size:cover;-o-background-size:cover;background-size:cover;padding: 0px 0px 0px 0px;\"><div style=\"text-align:center;\"><style>.fusion-imageframe.imageframe-1 img{aspect-ratio:4 \/ 3;object-position:51% 0%;}<\/style><span class=\" fusion-imageframe imageframe-none imageframe-1 hover-type-none has-aspect-ratio\"><img decoding=\"async\" width=\"300\" height=\"283\" title=\"undraw_features_overview_re_2w78\" src=\"https:\/\/visufoc.com\/wp-content\/uploads\/2022\/11\/undraw_features_overview_re_2w78.svg\" class=\"img-responsive wp-image-4505 img-with-aspect-ratio\" alt \/><\/span><\/div><\/div><style type=\"text\/css\">.fusion-body .fusion-builder-column-2{width:50% !important;margin-top : 0px;margin-bottom : 55px;}.fusion-builder-column-2 > .fusion-column-wrapper {padding-top : 0px !important;padding-right : 0px !important;margin-right : 3.84%;padding-bottom : 0px !important;padding-left : 0px !important;margin-left : 3.84%;}@media only screen and (max-width:1024px) {.fusion-body .fusion-builder-column-2{width:50% !important;order : 0;}.fusion-builder-column-2 > .fusion-column-wrapper {margin-right : 3.84%;margin-left : 3.84%;}}@media only screen and (max-width:640px) {.fusion-body .fusion-builder-column-2{width:100% !important;order : 0;}.fusion-builder-column-2 > .fusion-column-wrapper {margin-right : 1.92%;margin-left : 1.92%;}}<\/style><\/div><div class=\"fusion-layout-column fusion_builder_column fusion-builder-column-3 fusion_builder_column_1_1 1_1 fusion-flex-column\"><div class=\"fusion-column-wrapper fusion-flex-justify-content-flex-start fusion-content-layout-column\" style=\"background-position:left top;background-repeat:no-repeat;-webkit-background-size:cover;-moz-background-size:cover;-o-background-size:cover;background-size:cover;padding: 0px 0px 0px 0px;\"><div class=\"fusion-text fusion-text-2\" style=\"color:var(--awb-color1);\"><p>El nostre comprom\u00eds amb la societat \u00e9s poder oferir seguretat en un moment tan cr\u00edtic com un incendi.<\/p>\n<p>Per aix\u00f2, ens formem i especialitzem en la instal\u00b7laci\u00f3 i manteniment de sistemes de protecci\u00f3 activa contra incendis.<\/p>\n<p>Els nostres operaris estan formats i qualificats per a la instal\u00b7laci\u00f3 i manteniment dels seg\u00fcents sistemes:<\/p>\n<ul>\n<li>Extintors d&#8217;Incendis.<\/li>\n<li>Sistemes de Boques d&#8217;Incendi Equipades.<\/li>\n<li>Sistemes de Detecci\u00f3 i Alarma d&#8217;Incendis.<\/li>\n<li>Sistemes de Prove\u00efment d&#8217;Aigua Contra Incendis.<\/li>\n<li>Sistemes d&#8217;Hidrants Contra Incendis.<\/li>\n<li>Sistemes de Columna Seca.<\/li>\n<li>Sistemes fixos d&#8217;extinci\u00f3 per Ruixadors Autom\u00e0tics<\/li>\n<li>Sistemes fixos d&#8217;extinci\u00f3 per Aigua Nebulizada.<\/li>\n<li>Sistemes fixos d&#8217;extinci\u00f3 per Escuma<\/li>\n<li>Sistemes fixos d&#8217;extinci\u00f3 per Agents Extintors Gasosos.<\/li>\n<li>Sistemes fixos d&#8217;extinci\u00f3 per Aerosols condensats.<\/li>\n<li>Sistemes fixos d&#8217;extinci\u00f3 per Pols.<\/li>\n<li>Senyalitzaci\u00f3 Luminescent.<\/li>\n<\/ul>\n<p>Tamb\u00e9 oferim els serveis de protecci\u00f3 passiva dels seg\u00fcents sistemes:<\/p>\n<ul>\n<li>Sistemes de protecci\u00f3 estructural amb plaques i parallamas<\/li>\n<li>Sistemes de protecci\u00f3 estructural amb morters de perlita i vermiculita o morter de llana<\/li>\n<li>Sistemes de protecci\u00f3 estructural amb pintures intumescentes<\/li>\n<li>Segellats de passos d&#8217;instal\u00b7lacions mitjan\u00e7ant collets o comportes motoritzades<\/li>\n<li>Sistemes de portes tallafoc (per als vianants, corredisses, guillotina o enrotllables)<\/li>\n<\/ul>\n<\/div><\/div><style type=\"text\/css\">.fusion-body .fusion-builder-column-3{width:100% !important;margin-top : 0px;margin-bottom : 92px;}.fusion-builder-column-3 > .fusion-column-wrapper {padding-top : 0px !important;padding-right : 0px !important;margin-right : 1.92%;padding-bottom : 0px !important;padding-left : 0px !important;margin-left : 1.92%;}@media only screen and (max-width:1024px) {.fusion-body .fusion-builder-column-3{width:100% !important;order : 0;}.fusion-builder-column-3 > .fusion-column-wrapper {margin-right : 1.92%;margin-left : 1.92%;}}@media only screen and (max-width:640px) {.fusion-body .fusion-builder-column-3{width:100% !important;order : 0;}.fusion-builder-column-3 > .fusion-column-wrapper {margin-right : 1.92%;margin-left : 1.92%;}}<\/style><\/div><\/div><style type=\"text\/css\">.fusion-body .fusion-flex-container.fusion-builder-row-1{ padding-top : 0px;margin-top : -60px;padding-right : 0px;padding-bottom : 0px;margin-bottom : -60px;padding-left : 0px;}<\/style><\/div>\n","protected":false},"excerpt":{"rendered":"","protected":false},"author":2,"featured_media":0,"parent":4523,"menu_order":0,"comment_status":"closed","ping_status":"closed","template":"100-width.php","meta":{"inline_featured_image":false,"footnotes":""},"class_list":["post-4610","page","type-page","status-publish","hentry"],"yoast_head":"<!-- This site is optimized with the Yoast SEO plugin v27.6 - https:\/\/yoast.com\/product\/yoast-seo-wordpress\/ -->\n<title>Instal\u00b7laci\u00f3 i manteniment de sistemes contra incendis - Visufoc<\/title>\n<meta name=\"robots\" content=\"index, follow, max-snippet:-1, max-image-preview:large, max-video-preview:-1\" \/>\n<link rel=\"canonical\" href=\"https:\/\/visufoc.com\/ca\/els-nostres-serveis\/instal%c2%b7lacio-i-manteniment-de-sistemes-contra-incendis\/\" \/>\n<meta property=\"og:locale\" content=\"ca_ES\" \/>\n<meta property=\"og:type\" content=\"article\" \/>\n<meta property=\"og:title\" content=\"Instal\u00b7laci\u00f3 i manteniment de sistemes contra incendis - Visufoc\" \/>\n<meta property=\"og:url\" content=\"https:\/\/visufoc.com\/ca\/els-nostres-serveis\/instal%c2%b7lacio-i-manteniment-de-sistemes-contra-incendis\/\" \/>\n<meta property=\"og:site_name\" content=\"Visufoc\" \/>\n<meta property=\"article:modified_time\" content=\"2023-02-02T15:42:11+00:00\" \/>\n<meta name=\"twitter:card\" content=\"summary_large_image\" \/>\n<meta name=\"twitter:label1\" content=\"Temps estimat de lectura\" \/>\n\t<meta name=\"twitter:data1\" content=\"8 minuts\" \/>\n<script type=\"application\/ld+json\" class=\"yoast-schema-graph\">{\"@context\":\"https:\\\/\\\/schema.org\",\"@graph\":[{\"@type\":\"WebPage\",\"@id\":\"https:\\\/\\\/visufoc.com\\\/ca\\\/els-nostres-serveis\\\/instal%c2%b7lacio-i-manteniment-de-sistemes-contra-incendis\\\/\",\"url\":\"https:\\\/\\\/visufoc.com\\\/ca\\\/els-nostres-serveis\\\/instal%c2%b7lacio-i-manteniment-de-sistemes-contra-incendis\\\/\",\"name\":\"Instal\u00b7laci\u00f3 i manteniment de sistemes contra incendis - Visufoc\",\"isPartOf\":{\"@id\":\"https:\\\/\\\/visufoc.com\\\/ca\\\/#website\"},\"datePublished\":\"2023-01-25T09:31:21+00:00\",\"dateModified\":\"2023-02-02T15:42:11+00:00\",\"breadcrumb\":{\"@id\":\"https:\\\/\\\/visufoc.com\\\/ca\\\/els-nostres-serveis\\\/instal%c2%b7lacio-i-manteniment-de-sistemes-contra-incendis\\\/#breadcrumb\"},\"inLanguage\":\"ca\",\"potentialAction\":[{\"@type\":\"ReadAction\",\"target\":[\"https:\\\/\\\/visufoc.com\\\/ca\\\/els-nostres-serveis\\\/instal%c2%b7lacio-i-manteniment-de-sistemes-contra-incendis\\\/\"]}]},{\"@type\":\"BreadcrumbList\",\"@id\":\"https:\\\/\\\/visufoc.com\\\/ca\\\/els-nostres-serveis\\\/instal%c2%b7lacio-i-manteniment-de-sistemes-contra-incendis\\\/#breadcrumb\",\"itemListElement\":[{\"@type\":\"ListItem\",\"position\":1,\"name\":\"Portada\",\"item\":\"https:\\\/\\\/visufoc.com\\\/ca\\\/\"},{\"@type\":\"ListItem\",\"position\":2,\"name\":\"Els nostres serveis\",\"item\":\"https:\\\/\\\/visufoc.com\\\/ca\\\/els-nostres-serveis\\\/\"},{\"@type\":\"ListItem\",\"position\":3,\"name\":\"Instal\u00b7laci\u00f3 i manteniment de sistemes contra incendis\"}]},{\"@type\":\"WebSite\",\"@id\":\"https:\\\/\\\/visufoc.com\\\/ca\\\/#website\",\"url\":\"https:\\\/\\\/visufoc.com\\\/ca\\\/\",\"name\":\"Visufoc\",\"description\":\"Sistemas Contra Incendios\",\"potentialAction\":[{\"@type\":\"SearchAction\",\"target\":{\"@type\":\"EntryPoint\",\"urlTemplate\":\"https:\\\/\\\/visufoc.com\\\/ca\\\/?s={search_term_string}\"},\"query-input\":{\"@type\":\"PropertyValueSpecification\",\"valueRequired\":true,\"valueName\":\"search_term_string\"}}],\"inLanguage\":\"ca\"}]}<\/script>\n<!-- \/ Yoast SEO plugin. -->","yoast_head_json":{"title":"Instal\u00b7laci\u00f3 i manteniment de sistemes contra incendis - Visufoc","robots":{"index":"index","follow":"follow","max-snippet":"max-snippet:-1","max-image-preview":"max-image-preview:large","max-video-preview":"max-video-preview:-1"},"canonical":"https:\/\/visufoc.com\/ca\/els-nostres-serveis\/instal%c2%b7lacio-i-manteniment-de-sistemes-contra-incendis\/","og_locale":"ca_ES","og_type":"article","og_title":"Instal\u00b7laci\u00f3 i manteniment de sistemes contra incendis - Visufoc","og_url":"https:\/\/visufoc.com\/ca\/els-nostres-serveis\/instal%c2%b7lacio-i-manteniment-de-sistemes-contra-incendis\/","og_site_name":"Visufoc","article_modified_time":"2023-02-02T15:42:11+00:00","twitter_card":"summary_large_image","twitter_misc":{"Temps estimat de lectura":"8 minuts"},"schema":{"@context":"https:\/\/schema.org","@graph":[{"@type":"WebPage","@id":"https:\/\/visufoc.com\/ca\/els-nostres-serveis\/instal%c2%b7lacio-i-manteniment-de-sistemes-contra-incendis\/","url":"https:\/\/visufoc.com\/ca\/els-nostres-serveis\/instal%c2%b7lacio-i-manteniment-de-sistemes-contra-incendis\/","name":"Instal\u00b7laci\u00f3 i manteniment de sistemes contra incendis - Visufoc","isPartOf":{"@id":"https:\/\/visufoc.com\/ca\/#website"},"datePublished":"2023-01-25T09:31:21+00:00","dateModified":"2023-02-02T15:42:11+00:00","breadcrumb":{"@id":"https:\/\/visufoc.com\/ca\/els-nostres-serveis\/instal%c2%b7lacio-i-manteniment-de-sistemes-contra-incendis\/#breadcrumb"},"inLanguage":"ca","potentialAction":[{"@type":"ReadAction","target":["https:\/\/visufoc.com\/ca\/els-nostres-serveis\/instal%c2%b7lacio-i-manteniment-de-sistemes-contra-incendis\/"]}]},{"@type":"BreadcrumbList","@id":"https:\/\/visufoc.com\/ca\/els-nostres-serveis\/instal%c2%b7lacio-i-manteniment-de-sistemes-contra-incendis\/#breadcrumb","itemListElement":[{"@type":"ListItem","position":1,"name":"Portada","item":"https:\/\/visufoc.com\/ca\/"},{"@type":"ListItem","position":2,"name":"Els nostres serveis","item":"https:\/\/visufoc.com\/ca\/els-nostres-serveis\/"},{"@type":"ListItem","position":3,"name":"Instal\u00b7laci\u00f3 i manteniment de sistemes contra incendis"}]},{"@type":"WebSite","@id":"https:\/\/visufoc.com\/ca\/#website","url":"https:\/\/visufoc.com\/ca\/","name":"Visufoc","description":"Sistemas Contra Incendios","potentialAction":[{"@type":"SearchAction","target":{"@type":"EntryPoint","urlTemplate":"https:\/\/visufoc.com\/ca\/?s={search_term_string}"},"query-input":{"@type":"PropertyValueSpecification","valueRequired":true,"valueName":"search_term_string"}}],"inLanguage":"ca"}]}},"_links":{"self":[{"href":"https:\/\/visufoc.com\/ca\/wp-json\/wp\/v2\/pages\/4610","targetHints":{"allow":["GET"]}}],"collection":[{"href":"https:\/\/visufoc.com\/ca\/wp-json\/wp\/v2\/pages"}],"about":[{"href":"https:\/\/visufoc.com\/ca\/wp-json\/wp\/v2\/types\/page"}],"author":[{"embeddable":true,"href":"https:\/\/visufoc.com\/ca\/wp-json\/wp\/v2\/users\/2"}],"replies":[{"embeddable":true,"href":"https:\/\/visufoc.com\/ca\/wp-json\/wp\/v2\/comments?post=4610"}],"version-history":[{"count":1,"href":"https:\/\/visufoc.com\/ca\/wp-json\/wp\/v2\/pages\/4610\/revisions"}],"predecessor-version":[{"id":4694,"href":"https:\/\/visufoc.com\/ca\/wp-json\/wp\/v2\/pages\/4610\/revisions\/4694"}],"up":[{"embeddable":true,"href":"https:\/\/visufoc.com\/ca\/wp-json\/wp\/v2\/pages\/4523"}],"wp:attachment":[{"href":"https:\/\/visufoc.com\/ca\/wp-json\/wp\/v2\/media?parent=4610"}],"curies":[{"name":"wp","href":"https:\/\/api.w.org\/{rel}","templated":true}]}}