{"id":4710,"date":"2023-02-28T12:21:51","date_gmt":"2023-02-28T11:21:51","guid":{"rendered":"https:\/\/visufoc.com\/?page_id=4710"},"modified":"2023-02-28T12:53:32","modified_gmt":"2023-02-28T11:53:32","slug":"accessibilitat","status":"publish","type":"page","link":"https:\/\/visufoc.com\/ca\/accessibilitat\/","title":{"rendered":"Accessibilitat"},"content":{"rendered":"<div class=\"fusion-fullwidth fullwidth-box fusion-builder-row-1 fusion-flex-container has-pattern-background has-mask-background nonhundred-percent-fullwidth non-hundred-percent-height-scrolling\" style=\"background-color: var(--awb-color4);background-position: center center;background-repeat: no-repeat;border-width: 0px 0px 0px 0px;border-color:var(--awb-color3);border-style:solid;\" ><div class=\"fusion-builder-row fusion-row fusion-flex-align-items-flex-start\" style=\"max-width:1248px;margin-left: calc(-4% \/ 2 );margin-right: calc(-4% \/ 2 );\"><div class=\"fusion-layout-column fusion_builder_column fusion-builder-column-0 fusion_builder_column_1_1 1_1 fusion-flex-column\"><div class=\"fusion-column-wrapper fusion-flex-justify-content-flex-start fusion-content-layout-column\" style=\"background-position:left top;background-repeat:no-repeat;-webkit-background-size:cover;-moz-background-size:cover;-o-background-size:cover;background-size:cover;padding: 0px 0px 0px 0px;\"><style type=\"text\/css\">@media only screen and (max-width:1024px) {.fusion-title.fusion-title-1{margin-top:20px!important; margin-right:0px!important;margin-bottom:20px!important;margin-left:0px!important;}}@media only screen and (max-width:640px) {.fusion-title.fusion-title-1{margin-top:10px!important; margin-right:0px!important;margin-bottom:10px!important; margin-left:0px!important;}}<\/style><div class=\"fusion-title title fusion-title-1 fusion-sep-none fusion-title-center fusion-title-text fusion-title-size-one\" style=\"margin-top:20px;margin-right:0px;margin-bottom:20px;margin-left:0px;\"><h1 class=\"title-heading-center fusion-responsive-typography-calculated\" style=\"margin:0;text-transform:var(--awb-typography1-text-transform);color:var(--awb-color1);--fontSize:64;line-height:var(--awb-typography1-line-height);\">Accessibilitat<\/h1><\/div><\/div><style type=\"text\/css\">.fusion-body .fusion-builder-column-0{width:100% !important;margin-top : 0px;margin-bottom : 20px;}.fusion-builder-column-0 > .fusion-column-wrapper {padding-top : 0px !important;padding-right : 0px !important;margin-right : 1.92%;padding-bottom : 0px !important;padding-left : 0px !important;margin-left : 1.92%;}@media only screen and (max-width:1024px) {.fusion-body .fusion-builder-column-0{width:100% !important;order : 0;}.fusion-builder-column-0 > .fusion-column-wrapper {margin-right : 1.92%;margin-left : 1.92%;}}@media only screen and (max-width:640px) {.fusion-body .fusion-builder-column-0{width:100% !important;order : 0;}.fusion-builder-column-0 > .fusion-column-wrapper {margin-right : 1.92%;margin-left : 1.92%;}}<\/style><\/div><div class=\"fusion-layout-column fusion_builder_column fusion-builder-column-1 fusion_builder_column_1_1 1_1 fusion-flex-column\"><div class=\"fusion-column-wrapper fusion-flex-justify-content-flex-start fusion-content-layout-column\" style=\"background-position:left top;background-repeat:no-repeat;-webkit-background-size:cover;-moz-background-size:cover;-o-background-size:cover;background-size:cover;padding: 0px 0px 0px 0px;\"><div class=\"fusion-text fusion-text-1 fusion-text-no-margin text-link\" style=\"color:var(--awb-color1);margin-bottom:50px;\"><div class=\"block block-layout-builder block-field-blocknodepagebody\">\n<div class=\"clearfix text-formatted field field--name-body field--type-text-with-summary field--label-hidden field__item\">\n<p><span style=\"color: var(--awb-color1); background-color: var(--awb-color4); font-family: var(--body_typography-font-family); font-size: var(--body_typography-font-size); font-style: var(--body_typography-font-style,normal); font-weight: var(--body_typography-font-weight); letter-spacing: var(--body_typography-letter-spacing);\">La present declaraci\u00f3 d&#8217;accessibilitat s&#8217;aplica al lloc web<\/span> <a href=\"https:\/\/www.red.es\/\" style=\"background-color: var(--awb-color4); font-family: var(--body_typography-font-family); font-size: var(--body_typography-font-size); font-style: var(--body_typography-font-style,normal); font-weight: var(--body_typography-font-weight); letter-spacing: var(--body_typography-letter-spacing);\">https:\/\/visufoc.com\/<\/a><span style=\"color: var(--awb-color1); background-color: var(--awb-color4); font-family: var(--body_typography-font-family); font-size: var(--body_typography-font-size); font-style: var(--body_typography-font-style,normal); font-weight: var(--body_typography-font-weight); letter-spacing: var(--body_typography-letter-spacing);\">:<\/span><\/p>\n<\/p>\n<\/div>\n<\/div>\n<div class=\"block block-layout-builder block-inline-blockbasic\">\n<div>\n<div class=\"clearfix text-formatted field field--name-body field--type-text-with-summary field--label-hidden field__item\">\n<h3 id=\"situaciondecumplimiento\" style=\"color: rgb(255, 255, 255);\">SITUACI\u00d3 DE COMPLIMENT<\/h3>\n<p>Aquest lloc web \u00e9s parcialment conforme amb l&#8217;<a class=\"ext\" href=\"http:\/\/www.boe.es\/diario_boe\/txt.php?id=BOE-A-2018-12699\" target=\"_blank\" rel=\"noopener noreferrer\" data-extlink=\"\">RD 1112\/2018<\/a> a causa de les excepcions i a la falta de conformitat dels aspectes que s&#8217;indiquen en el seg\u00fcent punt.<\/p>\n<\/p>\n<\/div>\n<\/div>\n<\/div>\n<div class=\"block block-layout-builder block-inline-blockbasic\">\n<div>\n<div class=\"clearfix text-formatted field field--name-body field--type-text-with-summary field--label-hidden field__item\">\n<h3 id=\"contenidonoaccesible\" style=\"color: rgb(255, 255, 255);\">CONTINGUT NO ACCESSIBLE<\/h3>\n<p>El contingut que es recull a continuaci\u00f3 no \u00e9s accessible pel seg\u00fcent:<\/p>\n<ul>\n<li>Falta de conformitat amb l&#8217;RD 1112\/2018<\/li>\n<\/ul>\n<p>Podrien existir alguns aspectes de contrast que no compleixin els m\u00ednims exigits, 3:1, respecte als colors adjacents del fons de la secci\u00f3 de la web en q\u00fcesti\u00f3. [9 .1.4.11 Contraste no textual]<\/p>\n<p>Podrien existir alguns elements no textuals no etiquetats correctament [2 .5.3 Etiqueta en el nombre] i [4 .1.2 Nombre funci\u00f3n y valor]<\/p>\n<p>Els cercadors busquen autom\u00e0ticament sense necessitat d&#8217;ordenar cap acci\u00f3 per part de l&#8217;usuari [3 .2.2 Al recibir entradas]<\/p>\n<p>Podrien existir alguns textos en un altre idioma no etiquetats correctament [3 .1.2 Idioma de las partes]<\/p>\n<p>Podrien existir errors de codi puntuals d&#8217;edici\u00f3 en alguna p\u00e0gina web. [4 .1.1 Procesamiento]<\/p>\n<ul>\n<li>C\u00e0rrega desproporcionada<\/li>\n<\/ul>\n<p>No aplica.<\/p>\n<ul>\n<li>El contingut no entra dins de l&#8217;\u00e0mbit de la legislaci\u00f3 aplicable<\/li>\n<\/ul>\n<\/div>\n<\/div>\n<\/div>\n<div class=\"block block-layout-builder block-inline-blockbasic\">\n<div>\n<div class=\"clearfix text-formatted field field--name-body field--type-text-with-summary field--label-hidden field__item\">\n<h3 id=\"preparaciondelasiguientedeclaraciondeaccesibilidad\" style=\"color: rgb(255, 255, 255);\">PREPARACI\u00d3 DE LA SEG\u00dcENT DECLARACI\u00d3 D&#8217;ACCESSIBILITAT<\/h3>\n<p>La present declaraci\u00f3 va ser preparada el 20 de febrer de 2023.<\/p>\n<p>El m\u00e8tode emprat per a preparar la declaraci\u00f3 ha estat una avaluaci\u00f3 manual duta a terme per AVANCEM AMB VOST\u00c8 S.L. (AVANNUBO).<\/p>\n<p>La Declaraci\u00f3 d&#8217;Accessibilitat ha estat revisada i actualitzada al febrer de 2023.<\/p>\n<\/p>\n<\/div>\n<\/div>\n<\/div>\n<div class=\"block block-layout-builder block-inline-blockbasic\">\n<div>\n<div class=\"clearfix text-formatted field field--name-body field--type-text-with-summary field--label-hidden field__item\">\n<h3 id=\"observacionesydatosdecontacto\" style=\"color: rgb(255, 255, 255);\">OBSERVACIONS I DADES DE CONTACTE<\/h3>\n<p>Pot realitzar comunicacions sobre requisits d&#8217;accessibilitat (articulo 10.2.a de l&#8217;RD 1112\/2018) com per exemple:<\/p>\n<ul>\n<li>Informar sobre qualsevol possible incompliment per part d&#8217;aquest lloc web<\/li>\n<li>Transmetre altres dificultats d&#8217;acc\u00e9s al contingut<\/li>\n<li>Formular qualsevol altra consulta o suggeriment de millora relativa a l&#8217;accessibilitat del lloc web<\/li>\n<\/ul>\n<p>A trav\u00e9s del <a href=\"https:\/\/visufoc.com\/ca\/contacte\/\">formulari de contacte<\/a> d&#8217;aquest lloc web o a trav\u00e9s del n\u00famero de tel\u00e8fon (+34) 932 21 96 01.<\/p>\n<p>Pot presentar:<\/p>\n<ul>\n<li><strong>Queixa<\/strong> relativa al compliment dels requisits del RD 1112\/2018 o<\/li>\n<li><b>Sol\u00b7licitud d&#8217;Informaci\u00f3 accessible<\/b> relativa a:<\/li>\n<\/ul>\n<p>Continguts que estan exclosos de l&#8217;\u00e0mbit d&#8217;aplicaci\u00f3 del RD 1112\/2018 segons el que s&#8217;estableix per l&#8217;article 3, apartat 4<\/p>\n<p>Continguts que estan exempts del compliment dels requisits d&#8217;accessibilitat per imposar una c\u00e0rrega desproporcionada.<\/p>\n<p>En la Sol\u00b7licitud d&#8217;informaci\u00f3 accessible, s&#8217;ha de concretar, amb tota claredat, els fets, raons i petici\u00f3 que permetin constatar que es tracta d&#8217;una sol\u00b7licitud raonable i leg\u00edtima.<\/p>\n<p>Les queixes i reclamacions sobre informaci\u00f3 accessible es realitzaran a trav\u00e9s de l&#8217;administraci\u00f3, i seran rebudes i tractades per VISUFOC.<\/p>\n<\/p>\n<\/div>\n<\/div>\n<\/div>\n<div class=\"block block-layout-builder block-inline-blockbasic\">\n<div>\n<div class=\"clearfix text-formatted field field--name-body field--type-text-with-summary field--label-hidden field__item\">\n<h3 id=\"procedimientodeaplicacion\" style=\"color: rgb(255, 255, 255);\">PROCEDIMENT D&#8217;APLICACI\u00d3<\/h3>\n<p>Si una vegada realitzada una sol\u00b7licitud d&#8217;informaci\u00f3 accessible o queixa, aquesta hagu\u00e9s estat desestimada, no s&#8217;estigu\u00e9s d&#8217;acord amb la decisi\u00f3 adoptada, o la resposta no compl\u00eds els requisits contemplats en l&#8217;article 12.5, la persona interessada podr\u00e0 iniciar una reclamaci\u00f3. Igualment es podr\u00e0 iniciar una reclamaci\u00f3 en el cas que hagi transcorregut el termini de vint dies h\u00e0bils sense haver obtingut resposta. <\/p>\n<p>La reclamaci\u00f3 pot ser presentada trav\u00e9s de la Inst\u00e0ncia Gen\u00e8rica de la Seu electr\u00f2nica del Ministeri d&#8217;Assumptes Econ\u00f2mics i Transformaci\u00f3 Digital , aix\u00ed com en la resta d&#8217;opcions recollides en la Llei 39\/ 2015, d&#8217;1 d&#8217;octubre, del Procediment Administratiu Com\u00fa de les Administracions P\u00fabliques. Les reclamacions seran rebudes i tractades per la Subdirecci\u00f3 General d&#8217;Inspecci\u00f3 de Serveis del Ministeri.<\/p>\n<\/div>\n<\/div>\n<\/div>\n<div class=\"block block-layout-builder block-inline-blockbasic\">\n<div>\n<div class=\"clearfix text-formatted field field--name-body field--type-text-with-summary field--label-hidden field__item\">\n<h3 id=\"contenidoopcional\" style=\"color: rgb(255, 255, 255);\">CONTINGUT OPCIONAL<\/h3>\n<p>Aquest portal aquesta dissenyat per a poder canviar la grand\u00e0ria del text i el color, aix\u00ed com el fons de la p\u00e0gina mitjan\u00e7ant les opcions de configuraci\u00f3 est\u00e0ndard dels navegadors.<\/p>\n<p>Si desitja canviar la grand\u00e0ria de lletra del text en els principals navegadors gr\u00e0fics utilitzi els seg\u00fcents men\u00fas:<\/p>\n<ul>\n<li>Internet Explorer, Mozilla i Firefox: Veure &gt; Grand\u00e0ria del text<\/li>\n<li>Opera: Veure &gt; Zoom<\/li>\n<li>Safari: Veure &gt; Fer el text mes gran<\/li>\n<li>Chrome: Controla la pagina actual &gt; Tama\u00f1o del texto<\/li>\n<li>Per a modificar la grand\u00e0ria de tot en la p\u00e0gina:\n<ul>\n<li>Ctrl + + per a augmentar-ho<\/li>\n<li>Ctrl + &#8211; per a disminuir-ho<\/li>\n<li>Ctrl + 0 restaura la grand\u00e0ria original del text<\/li>\n<li>Si el que vol \u00e9s anul\u00b7lar la fulla d&#8217;estils o modificar el color del text, pot consultar la p\u00e0gina <span lang=\"en\">How to Change Text Size or Colors de la WAI<\/span>, que es pot llegir tradu\u00efda a l&#8217;espanyol en Com canviar la grand\u00e0ria del text o colors?<\/li>\n<\/ul>\n<\/li>\n<\/ul>\n<\/div>\n<\/div>\n<\/div>\n<\/div><\/div><style type=\"text\/css\">.fusion-body .fusion-builder-column-1{width:100% !important;margin-top : 0px;margin-bottom : 20px;}.fusion-builder-column-1 > .fusion-column-wrapper {padding-top : 0px !important;padding-right : 0px !important;margin-right : 1.92%;padding-bottom : 0px !important;padding-left : 0px !important;margin-left : 1.92%;}@media only screen and (max-width:1024px) {.fusion-body .fusion-builder-column-1{width:100% !important;order : 0;}.fusion-builder-column-1 > .fusion-column-wrapper {margin-right : 1.92%;margin-left : 1.92%;}}@media only screen and (max-width:640px) {.fusion-body .fusion-builder-column-1{width:100% !important;order : 0;}.fusion-builder-column-1 > .fusion-column-wrapper {margin-right : 1.92%;margin-left : 1.92%;}}<\/style><\/div><\/div><style type=\"text\/css\">.fusion-body .fusion-flex-container.fusion-builder-row-1{ padding-top : 80px;margin-top : -60px;padding-right : 0px;padding-bottom : 80px;margin-bottom : -60px;padding-left : 0px;}<\/style><\/div>\n","protected":false},"excerpt":{"rendered":"","protected":false},"author":2,"featured_media":0,"parent":0,"menu_order":0,"comment_status":"closed","ping_status":"closed","template":"100-width.php","meta":{"inline_featured_image":false,"footnotes":""},"class_list":["post-4710","page","type-page","status-publish","hentry"],"yoast_head":"<!-- This site is optimized with the Yoast SEO plugin v27.6 - https:\/\/yoast.com\/product\/yoast-seo-wordpress\/ -->\n<title>Accessibilitat - Visufoc<\/title>\n<meta name=\"robots\" content=\"index, follow, max-snippet:-1, max-image-preview:large, max-video-preview:-1\" \/>\n<link rel=\"canonical\" href=\"https:\/\/visufoc.com\/ca\/accessibilitat\/\" \/>\n<meta property=\"og:locale\" content=\"ca_ES\" \/>\n<meta property=\"og:type\" content=\"article\" \/>\n<meta property=\"og:title\" content=\"Accessibilitat - Visufoc\" \/>\n<meta property=\"og:url\" content=\"https:\/\/visufoc.com\/ca\/accessibilitat\/\" \/>\n<meta property=\"og:site_name\" content=\"Visufoc\" \/>\n<meta property=\"article:modified_time\" content=\"2023-02-28T11:53:32+00:00\" \/>\n<meta name=\"twitter:card\" content=\"summary_large_image\" \/>\n<meta name=\"twitter:label1\" content=\"Temps estimat de lectura\" \/>\n\t<meta name=\"twitter:data1\" content=\"8 minuts\" \/>\n<script type=\"application\/ld+json\" class=\"yoast-schema-graph\">{\"@context\":\"https:\\\/\\\/schema.org\",\"@graph\":[{\"@type\":\"WebPage\",\"@id\":\"https:\\\/\\\/visufoc.com\\\/ca\\\/accessibilitat\\\/\",\"url\":\"https:\\\/\\\/visufoc.com\\\/ca\\\/accessibilitat\\\/\",\"name\":\"Accessibilitat - Visufoc\",\"isPartOf\":{\"@id\":\"https:\\\/\\\/visufoc.com\\\/ca\\\/#website\"},\"datePublished\":\"2023-02-28T11:21:51+00:00\",\"dateModified\":\"2023-02-28T11:53:32+00:00\",\"breadcrumb\":{\"@id\":\"https:\\\/\\\/visufoc.com\\\/ca\\\/accessibilitat\\\/#breadcrumb\"},\"inLanguage\":\"ca\",\"potentialAction\":[{\"@type\":\"ReadAction\",\"target\":[\"https:\\\/\\\/visufoc.com\\\/ca\\\/accessibilitat\\\/\"]}]},{\"@type\":\"BreadcrumbList\",\"@id\":\"https:\\\/\\\/visufoc.com\\\/ca\\\/accessibilitat\\\/#breadcrumb\",\"itemListElement\":[{\"@type\":\"ListItem\",\"position\":1,\"name\":\"Portada\",\"item\":\"https:\\\/\\\/visufoc.com\\\/ca\\\/\"},{\"@type\":\"ListItem\",\"position\":2,\"name\":\"Accessibilitat\"}]},{\"@type\":\"WebSite\",\"@id\":\"https:\\\/\\\/visufoc.com\\\/ca\\\/#website\",\"url\":\"https:\\\/\\\/visufoc.com\\\/ca\\\/\",\"name\":\"Visufoc\",\"description\":\"Sistemas Contra Incendios\",\"potentialAction\":[{\"@type\":\"SearchAction\",\"target\":{\"@type\":\"EntryPoint\",\"urlTemplate\":\"https:\\\/\\\/visufoc.com\\\/ca\\\/?s={search_term_string}\"},\"query-input\":{\"@type\":\"PropertyValueSpecification\",\"valueRequired\":true,\"valueName\":\"search_term_string\"}}],\"inLanguage\":\"ca\"}]}<\/script>\n<!-- \/ Yoast SEO plugin. -->","yoast_head_json":{"title":"Accessibilitat - Visufoc","robots":{"index":"index","follow":"follow","max-snippet":"max-snippet:-1","max-image-preview":"max-image-preview:large","max-video-preview":"max-video-preview:-1"},"canonical":"https:\/\/visufoc.com\/ca\/accessibilitat\/","og_locale":"ca_ES","og_type":"article","og_title":"Accessibilitat - Visufoc","og_url":"https:\/\/visufoc.com\/ca\/accessibilitat\/","og_site_name":"Visufoc","article_modified_time":"2023-02-28T11:53:32+00:00","twitter_card":"summary_large_image","twitter_misc":{"Temps estimat de lectura":"8 minuts"},"schema":{"@context":"https:\/\/schema.org","@graph":[{"@type":"WebPage","@id":"https:\/\/visufoc.com\/ca\/accessibilitat\/","url":"https:\/\/visufoc.com\/ca\/accessibilitat\/","name":"Accessibilitat - Visufoc","isPartOf":{"@id":"https:\/\/visufoc.com\/ca\/#website"},"datePublished":"2023-02-28T11:21:51+00:00","dateModified":"2023-02-28T11:53:32+00:00","breadcrumb":{"@id":"https:\/\/visufoc.com\/ca\/accessibilitat\/#breadcrumb"},"inLanguage":"ca","potentialAction":[{"@type":"ReadAction","target":["https:\/\/visufoc.com\/ca\/accessibilitat\/"]}]},{"@type":"BreadcrumbList","@id":"https:\/\/visufoc.com\/ca\/accessibilitat\/#breadcrumb","itemListElement":[{"@type":"ListItem","position":1,"name":"Portada","item":"https:\/\/visufoc.com\/ca\/"},{"@type":"ListItem","position":2,"name":"Accessibilitat"}]},{"@type":"WebSite","@id":"https:\/\/visufoc.com\/ca\/#website","url":"https:\/\/visufoc.com\/ca\/","name":"Visufoc","description":"Sistemas Contra Incendios","potentialAction":[{"@type":"SearchAction","target":{"@type":"EntryPoint","urlTemplate":"https:\/\/visufoc.com\/ca\/?s={search_term_string}"},"query-input":{"@type":"PropertyValueSpecification","valueRequired":true,"valueName":"search_term_string"}}],"inLanguage":"ca"}]}},"_links":{"self":[{"href":"https:\/\/visufoc.com\/ca\/wp-json\/wp\/v2\/pages\/4710","targetHints":{"allow":["GET"]}}],"collection":[{"href":"https:\/\/visufoc.com\/ca\/wp-json\/wp\/v2\/pages"}],"about":[{"href":"https:\/\/visufoc.com\/ca\/wp-json\/wp\/v2\/types\/page"}],"author":[{"embeddable":true,"href":"https:\/\/visufoc.com\/ca\/wp-json\/wp\/v2\/users\/2"}],"replies":[{"embeddable":true,"href":"https:\/\/visufoc.com\/ca\/wp-json\/wp\/v2\/comments?post=4710"}],"version-history":[{"count":3,"href":"https:\/\/visufoc.com\/ca\/wp-json\/wp\/v2\/pages\/4710\/revisions"}],"predecessor-version":[{"id":4731,"href":"https:\/\/visufoc.com\/ca\/wp-json\/wp\/v2\/pages\/4710\/revisions\/4731"}],"wp:attachment":[{"href":"https:\/\/visufoc.com\/ca\/wp-json\/wp\/v2\/media?parent=4710"}],"curies":[{"name":"wp","href":"https:\/\/api.w.org\/{rel}","templated":true}]}}